{"id":31,"date":"2022-10-20T19:58:10","date_gmt":"2022-10-20T19:58:10","guid":{"rendered":"https:\/\/veepeepee.fi\/?page_id=31"},"modified":"2022-10-23T20:47:49","modified_gmt":"2022-10-23T20:47:49","slug":"etusivu","status":"publish","type":"page","link":"https:\/\/veepeepee.fi\/","title":{"rendered":"Define your business"},"content":{"rendered":"\n<p class=\"gtfy-1\">Yritt\u00e4j\u00e4n ja yritt\u00e4j\u00e4ksi haluavan oma henkil\u00f6kohtainen valmentaja, <strong>Yritysneuvoja<\/strong>, haastaa, neuvoo ja sparraa. Auttaa ymm\u00e4rt\u00e4m\u00e4\u00e4n yrityksen nykytilaa, tunnistamaan ongelmakohtia, hy\u00f6dynt\u00e4m\u00e4\u00e4n vahvuuksia ja l\u00f6yt\u00e4m\u00e4\u00e4n uusia mahdollisuuksia.<\/p>\n\n\n\n<p class=\"gtfy-4\">Toiminnan suunnitelmallisuus, tavoitteiden asettaminen, kannattavuuden laskenta, tuloksien seuranta, hallittu kokonaisuus ja yritt\u00e4j\u00e4n hyvinvointi auttavat luomaan menestyv\u00e4\u00e4 yrityst\u00e4. Define your business and succeed!<\/p>\n\n\n\n<p class=\"gtfy-7\"><\/p>\n","protected":false},"excerpt":{"rendered":"<p>Yritt\u00e4j\u00e4n ja yritt\u00e4j\u00e4ksi haluavan oma henkil\u00f6kohtainen valmentaja, Yritysneuvoja, haastaa, neuvoo ja sparraa. Auttaa ymm\u00e4rt\u00e4m\u00e4\u00e4n yrityksen nykytilaa, tunnistamaan ongelmakohtia, hy\u00f6dynt\u00e4m\u00e4\u00e4n vahvuuksia ja l\u00f6yt\u00e4m\u00e4\u00e4n uusia mahdollisuuksia. Toiminnan suunnitelmallisuus, tavoitteiden asettaminen, kannattavuuden laskenta, tuloksien seuranta, hallittu kokonaisuus ja yritt\u00e4j\u00e4n hyvinvointi auttavat luomaan menestyv\u00e4\u00e4 yrityst\u00e4. Define your business and succeed!<\/p>\n","protected":false},"author":2,"featured_media":75,"parent":0,"menu_order":0,"comment_status":"closed","ping_status":"closed","template":"","meta":{"_gutenify_countdown_timer_type":"fixed","_gutenify_countdown_timer_evergreen_hours":24,"_gutenify_countdown_timer_evergreen_minutes":0,"_gutenify_countdown_timer_date":"","_gutenify_countdown_timer_timezone":"US\/Eastern","_gutenify_countdown_timer_end_action":"none","_gutenify_countdown_timer_hide_selector":"","_gutenify_countdown_timer_redirect_url":"","footnotes":""},"class_list":["post-31","page","type-page","status-publish","has-post-thumbnail","hentry"],"_links":{"self":[{"href":"https:\/\/veepeepee.fi\/index.php\/wp-json\/wp\/v2\/pages\/31","targetHints":{"allow":["GET"]}}],"collection":[{"href":"https:\/\/veepeepee.fi\/index.php\/wp-json\/wp\/v2\/pages"}],"about":[{"href":"https:\/\/veepeepee.fi\/index.php\/wp-json\/wp\/v2\/types\/page"}],"author":[{"embeddable":true,"href":"https:\/\/veepeepee.fi\/index.php\/wp-json\/wp\/v2\/users\/2"}],"replies":[{"embeddable":true,"href":"https:\/\/veepeepee.fi\/index.php\/wp-json\/wp\/v2\/comments?post=31"}],"version-history":[{"count":6,"href":"https:\/\/veepeepee.fi\/index.php\/wp-json\/wp\/v2\/pages\/31\/revisions"}],"predecessor-version":[{"id":126,"href":"https:\/\/veepeepee.fi\/index.php\/wp-json\/wp\/v2\/pages\/31\/revisions\/126"}],"wp:featuredmedia":[{"embeddable":true,"href":"https:\/\/veepeepee.fi\/index.php\/wp-json\/wp\/v2\/media\/75"}],"wp:attachment":[{"href":"https:\/\/veepeepee.fi\/index.php\/wp-json\/wp\/v2\/media?parent=31"}],"curies":[{"name":"wp","href":"https:\/\/api.w.org\/{rel}","templated":true}]}}